{"id":324,"date":"2024-05-27T07:55:17","date_gmt":"2024-05-27T05:55:17","guid":{"rendered":"https:\/\/kamenica-musica.de\/?page_id=324"},"modified":"2025-01-17T08:10:17","modified_gmt":"2025-01-17T07:10:17","slug":"wer-sind-wir","status":"publish","type":"page","link":"https:\/\/kamenica-musica.de\/index.php\/wer-sind-wir\/","title":{"rendered":"Wer sind wir?"},"content":{"rendered":"\n<p>Wir sind Kamenica Musica, eine Initiative, die sich aus einer breiten Gruppe von unterschiedlichen Menschen zusammensetzt und sich f\u00fcr Musik, Diversit\u00e4t und kulturellen Austausch einsetzt.<\/p>\n\n\n\n<p>Und das sind ein paar der Gesichter hinter Kamenica Musica:<\/p>\n\n\n\n<div class=\"wp-block-columns is-layout-flex wp-container-core-columns-is-layout-9d6595d7 wp-block-columns-is-layout-flex\">\n<div class=\"wp-block-column is-layout-flow wp-block-column-is-layout-flow\" style=\"flex-basis:100%\"><div class=\"oxi-addons-container   oxi-addons-flipbox-template-style5\">        <div class=\"oxilab-flip-box-wrapper\">\r\n                                <div class=\"oxilab-flip-box-col-2 oxilab-flip-box-padding-1\"\r\n                         sa-data-animation=\"\"\r\n                         sa-data-animation-offset=\"100%\"\r\n                         sa-data-animation-delay=\"0ms\"\r\n                         sa-data-animation-duration=\" 2000ms\"\r\n                         >\r\n                        <div class=\" oxilab-flip-box-body-1 oxilab-flip-box-body-1-12\">\r\n                                                        <div class=\"oxilab-flip-box-body-absulote\">\r\n                                <div class=\"oxilab-flip-box-flip oxilab-flip-box-flip-left-to-right\">\r\n                                    <div class=\"oxilab-flip-box-style-data easing_easeInOutCirc\">\r\n                                        <div class=\"oxilab-flip-box-style\">\r\n                                            <div class=\"oxilab-flip-box-front\">\r\n                                                <div class=\"oxilab-flip-box-1\">\r\n                                                    <div class=\"oxilab-flip-box-1-data\">\r\n\r\n                                                    <\/div>\r\n                                                <\/div>\r\n                                            <\/div>\r\n                                            <div class=\"oxilab-flip-box-back\">\r\n                                                <div class=\"oxilab-flip-box-back-1\">\r\n                                                    <div class=\"oxilab-flip-box-back-1-data\">\r\n                                                        <div class=\"oxilab-heading\">\r\n                                                            Penelope Faselt \u2013 Vorstand                                                        <\/div>\r\n                                                        <div class=\"oxilab-info\">\r\n                                                            Heyy, ich bin Penelope! Ich bin 18 Jahre alt, habe im Sommer 23 mein Abitur gemacht und finde es sehr bereichernd mich jetzt innerhalb von Kamenica Musica ehrenamtlich zu engagieren. Ich habe gro\u00dfen Spa\u00df daran Sachen zu planen und immer neue Dinge zu entdecken. Musik ist f\u00fcr mich eine wundervolle M\u00f6glichkeit, meinen Gedanken und Gef\u00fchlen Ausdruck zu verleihen, wenn Worte mal nicht ausreichen.                                                        <\/div>\r\n                                                                                                            <\/div>\r\n                                                <\/div>\r\n                                            <\/div>\r\n                                        <\/div>\r\n                                    <\/div>\r\n                                <\/div>\r\n                            <\/div>\r\n                                                    <\/div>\r\n\r\n\r\n                        \r\n                    <\/div>\r\n                                        <div class=\"oxilab-flip-box-col-2 oxilab-flip-box-padding-1\"\r\n                         sa-data-animation=\"\"\r\n                         sa-data-animation-offset=\"100%\"\r\n                         sa-data-animation-delay=\"0ms\"\r\n                         sa-data-animation-duration=\" 2000ms\"\r\n                         >\r\n                        <div class=\" oxilab-flip-box-body-1 oxilab-flip-box-body-1-13\">\r\n                                                        <div class=\"oxilab-flip-box-body-absulote\">\r\n                                <div class=\"oxilab-flip-box-flip oxilab-flip-box-flip-left-to-right\">\r\n                                    <div class=\"oxilab-flip-box-style-data easing_easeInOutCirc\">\r\n                                        <div class=\"oxilab-flip-box-style\">\r\n                                            <div class=\"oxilab-flip-box-front\">\r\n                                                <div class=\"oxilab-flip-box-1\">\r\n                                                    <div class=\"oxilab-flip-box-1-data\">\r\n\r\n                                                    <\/div>\r\n                                                <\/div>\r\n                                            <\/div>\r\n                                            <div class=\"oxilab-flip-box-back\">\r\n                                                <div class=\"oxilab-flip-box-back-1\">\r\n                                                    <div class=\"oxilab-flip-box-back-1-data\">\r\n                                                        <div class=\"oxilab-heading\">\r\n                                                            Ludwig Sontag \u2013 1. Vereinsvorsitzender                                                        <\/div>\r\n                                                        <div class=\"oxilab-info\">\r\n                                                            Hallo, ich bin Ludwig, 23 Jahre alt und studiere Physik in Chemnitz. Mir ist es sehr wichtig, dass Menschen die M\u00f6glichkeit bekommen ihr Umfeld mitzugestalten. Ich f\u00fchle mich immer dann am wohlsten, wenn verschiedene Personen zusammen kommen. Umso mehr freue ich mich \u00fcber Inklusivit\u00e4t und G\u00e4ste aus Polen, Tschechien und Europa.                                                        <\/div>\r\n                                                                                                            <\/div>\r\n                                                <\/div>\r\n                                            <\/div>\r\n                                        <\/div>\r\n                                    <\/div>\r\n                                <\/div>\r\n                            <\/div>\r\n                                                    <\/div>\r\n\r\n\r\n                        \r\n                    <\/div>\r\n                                        <div class=\"oxilab-flip-box-col-2 oxilab-flip-box-padding-1\"\r\n                         sa-data-animation=\"\"\r\n                         sa-data-animation-offset=\"100%\"\r\n                         sa-data-animation-delay=\"0ms\"\r\n                         sa-data-animation-duration=\" 2000ms\"\r\n                         >\r\n                        <div class=\" oxilab-flip-box-body-1 oxilab-flip-box-body-1-14\">\r\n                                                        <div class=\"oxilab-flip-box-body-absulote\">\r\n                                <div class=\"oxilab-flip-box-flip oxilab-flip-box-flip-left-to-right\">\r\n                                    <div class=\"oxilab-flip-box-style-data easing_easeInOutCirc\">\r\n                                        <div class=\"oxilab-flip-box-style\">\r\n                                            <div class=\"oxilab-flip-box-front\">\r\n                                                <div class=\"oxilab-flip-box-1\">\r\n                                                    <div class=\"oxilab-flip-box-1-data\">\r\n\r\n                                                    <\/div>\r\n                                                <\/div>\r\n                                            <\/div>\r\n                                            <div class=\"oxilab-flip-box-back\">\r\n                                                <div class=\"oxilab-flip-box-back-1\">\r\n                                                    <div class=\"oxilab-flip-box-back-1-data\">\r\n                                                        <div class=\"oxilab-heading\">\r\n                                                            Hildegard Geisler - Schatzmeisterin                                                        <\/div>\r\n                                                        <div class=\"oxilab-info\">\r\n                                                            Ich hei\u00dfe Hildegard und bin 57 Jahre alt. Obwohl ich schon sehr lange in Chemnitz wohne, lerne ich jedes Jahr neue spannende Orte und Aktivit\u00e4ten kennen. Ich freue mich, interessante musikalische Projekte sichtbar zu machen und dabei mit Hilfe von Musik Verbindungen \u00fcber europ\u00e4ische L\u00e4ndergrenzen hinweg zu kn\u00fcpfen. Ich bin Mutter von 3 musikbegeisterten Kindern und arbeite seit 2008 als \u00c4rztin in Chemnitz.                                                        <\/div>\r\n                                                                                                            <\/div>\r\n                                                <\/div>\r\n                                            <\/div>\r\n                                        <\/div>\r\n                                    <\/div>\r\n                                <\/div>\r\n                            <\/div>\r\n                                                    <\/div>\r\n\r\n\r\n                        \r\n                    <\/div>\r\n                                        <div class=\"oxilab-flip-box-col-2 oxilab-flip-box-padding-1\"\r\n                         sa-data-animation=\"\"\r\n                         sa-data-animation-offset=\"100%\"\r\n                         sa-data-animation-delay=\"0ms\"\r\n                         sa-data-animation-duration=\" 2000ms\"\r\n                         >\r\n                        <div class=\" oxilab-flip-box-body-1 oxilab-flip-box-body-1-15\">\r\n                                                        <div class=\"oxilab-flip-box-body-absulote\">\r\n                                <div class=\"oxilab-flip-box-flip oxilab-flip-box-flip-left-to-right\">\r\n                                    <div class=\"oxilab-flip-box-style-data easing_easeInOutCirc\">\r\n                                        <div class=\"oxilab-flip-box-style\">\r\n                                            <div class=\"oxilab-flip-box-front\">\r\n                                                <div class=\"oxilab-flip-box-1\">\r\n                                                    <div class=\"oxilab-flip-box-1-data\">\r\n\r\n                                                    <\/div>\r\n                                                <\/div>\r\n                                            <\/div>\r\n                                            <div class=\"oxilab-flip-box-back\">\r\n                                                <div class=\"oxilab-flip-box-back-1\">\r\n                                                    <div class=\"oxilab-flip-box-back-1-data\">\r\n                                                        <div class=\"oxilab-heading\">\r\n                                                            Sophie Werner \u2013 2. Vereinsvorsitzende                                                        <\/div>\r\n                                                        <div class=\"oxilab-info\">\r\n                                                            Hey! Mein Name ist Sophie und ich bin 23 Jahre alt. Ich studiere Anglistik in Leipzig aber wohne in Chemnitz. Im Projekt geh\u00f6re ich zum Kernteam und stehe euch immer gern bei Fragen und Bedenken zur Seite. Musik und Kultur gibt mir die M\u00f6glichkeit, mich kreativ zu entfalten und nach langen Tagen zu entspannen. Ich w\u00fcnsche mir, dass die vielen sch\u00f6nen versteckten Ecken in Chemnitz durch Kulturangebote belebt werden und ich auch dort etwas durchatmen kann.                                                        <\/div>\r\n                                                                                                            <\/div>\r\n                                                <\/div>\r\n                                            <\/div>\r\n                                        <\/div>\r\n                                    <\/div>\r\n                                <\/div>\r\n                            <\/div>\r\n                                                    <\/div>\r\n\r\n\r\n                        \r\n                    <\/div>\r\n                                        <div class=\"oxilab-flip-box-col-2 oxilab-flip-box-padding-1\"\r\n                         sa-data-animation=\"\"\r\n                         sa-data-animation-offset=\"100%\"\r\n                         sa-data-animation-delay=\"0ms\"\r\n                         sa-data-animation-duration=\" 2000ms\"\r\n                         >\r\n                        <div class=\" oxilab-flip-box-body-1 oxilab-flip-box-body-1-16\">\r\n                                                        <div class=\"oxilab-flip-box-body-absulote\">\r\n                                <div class=\"oxilab-flip-box-flip oxilab-flip-box-flip-left-to-right\">\r\n                                    <div class=\"oxilab-flip-box-style-data easing_easeInOutCirc\">\r\n                                        <div class=\"oxilab-flip-box-style\">\r\n                                            <div class=\"oxilab-flip-box-front\">\r\n                                                <div class=\"oxilab-flip-box-1\">\r\n                                                    <div class=\"oxilab-flip-box-1-data\">\r\n\r\n                                                    <\/div>\r\n                                                <\/div>\r\n                                            <\/div>\r\n                                            <div class=\"oxilab-flip-box-back\">\r\n                                                <div class=\"oxilab-flip-box-back-1\">\r\n                                                    <div class=\"oxilab-flip-box-back-1-data\">\r\n                                                        <div class=\"oxilab-heading\">\r\n                                                            Marie Angelina Patschinsky - Vorstand                                                        <\/div>\r\n                                                        <div class=\"oxilab-info\">\r\n                                                            Hi, ich bin Marie, bin 23 Jahre alt und studiere Medienkommunikation an der TU Chemnitz. Nebenbei arbeite ich und bin S\u00e4ngerin der Band JETberry. Im Verein Kamenica Musica geh\u00f6re ich zum Vereinsvorstand. Auch wenn neben Arbeit, Studium und Proben nur wenig Zeit \u00fcbrig ist, bin ich sehr gerne Teil dieses Projekts. Chemnitz ist eine einzigartige Stadt, die viel zu bieten hat. F\u00fcr mich hat sie das eigentlich schon immer. Das jetzt durch die F\u00f6rderung der Kulturhauptstadt zu zeigen, ist einfach ein Tr\u00e4umchen - es gibt so viel, was man hier h\u00f6ren, sehen und genie\u00dfen kann.                                                        <\/div>\r\n                                                                                                            <\/div>\r\n                                                <\/div>\r\n                                            <\/div>\r\n                                        <\/div>\r\n                                    <\/div>\r\n                                <\/div>\r\n                            <\/div>\r\n                                                    <\/div>\r\n\r\n\r\n                        \r\n                    <\/div>\r\n                                        <div class=\"oxilab-flip-box-col-2 oxilab-flip-box-padding-1\"\r\n                         sa-data-animation=\"\"\r\n                         sa-data-animation-offset=\"100%\"\r\n                         sa-data-animation-delay=\"0ms\"\r\n                         sa-data-animation-duration=\" 2000ms\"\r\n                         >\r\n                        <div class=\" oxilab-flip-box-body-1 oxilab-flip-box-body-1-17\">\r\n                                                        <div class=\"oxilab-flip-box-body-absulote\">\r\n                                <div class=\"oxilab-flip-box-flip oxilab-flip-box-flip-left-to-right\">\r\n                                    <div class=\"oxilab-flip-box-style-data easing_easeInOutCirc\">\r\n                                        <div class=\"oxilab-flip-box-style\">\r\n                                            <div class=\"oxilab-flip-box-front\">\r\n                                                <div class=\"oxilab-flip-box-1\">\r\n                                                    <div class=\"oxilab-flip-box-1-data\">\r\n\r\n                                                    <\/div>\r\n                                                <\/div>\r\n                                            <\/div>\r\n                                            <div class=\"oxilab-flip-box-back\">\r\n                                                <div class=\"oxilab-flip-box-back-1\">\r\n                                                    <div class=\"oxilab-flip-box-back-1-data\">\r\n                                                        <div class=\"oxilab-heading\">\r\n                                                            Jessica Ramm - Freiwillige                                                        <\/div>\r\n                                                        <div class=\"oxilab-info\">\r\n                                                            Hey :\u200b) Ich bin Jessi und 23 Jahre alt. Ich studiere Interkulturelle Kommunikation an der TU Chemnitz und habe von Anfang an die Rolle der \u201eSocial Media Maus\u201c \u00fcbernommen - hinter unseren Instagram-Posts stecke meistens ich :\u200b) Ich habe das Projekt nach D\u011b\u010d\u00edn, \u010cesk\u00e9 Bud\u011bjovice und Tartu begleiten d\u00fcrfen und damit andere (junge) Kulturinteressierte kennengelernt. Musik begleitet mich durch jede freie Minute - ob in der Oper, beim Kochen oder bei Spazierg\u00e4ngen - und ich freue mich darauf, durch Kamenica Musica auch die Spazierg\u00e4nge von anderen zu vers\u00fc\u00dfen!                                                        <\/div>\r\n                                                                                                            <\/div>\r\n                                                <\/div>\r\n                                            <\/div>\r\n                                        <\/div>\r\n                                    <\/div>\r\n                                <\/div>\r\n                            <\/div>\r\n                                                    <\/div>\r\n\r\n\r\n                        \r\n                    <\/div>\r\n                    \r\n\r\n        <\/div>\r\n        <\/div>\n<\/div>\n<\/div>\n\n\n\n<details class=\"wp-block-details is-layout-flow wp-block-details-is-layout-flow\"><summary><strong>Penelope Faselt \u2013 Vorstand<\/strong><\/summary>\n<p><em>Hauptaufgaben:<\/em><\/p>\n\n\n\n<ul class=\"wp-block-list\">\n<li>Ansprechpartnerin (Anruf und SMS)<\/li>\n\n\n\n<li>Organisation und Antragstellung<\/li>\n\n\n\n<li>Awareness-Team<\/li>\n<\/ul>\n\n\n\n<p><em>Kontakt:<\/em><br>Mail: <a href=\"mailto:penelope.faselt@kamenica-musica.de\">penelope.faselt@kamenica-musica.de<\/a> <br>Anruf und SMS: \u2068+49 15566 043541<\/p>\n<\/details>\n\n\n\n<details class=\"wp-block-details is-layout-flow wp-block-details-is-layout-flow\"><summary><strong>Ludwig Sontag \u2013 1. Vereinsvorsitzender<\/strong><\/summary>\n<p><em>Hauptaufgaben:<\/em><\/p>\n\n\n\n<ul class=\"wp-block-list\">\n<li>Verwaltung digitale Tools,<\/li>\n\n\n\n<li>Organisation und Antragstellung,<\/li>\n\n\n\n<li>Ansprechpartner (Anruf und SMS)<\/li>\n<\/ul>\n\n\n\n<p><em>Kontakt:<\/em><br>Mail: <a href=\"mailto:ludwig.sontag@kamenica-musica.de\">ludwig.sontag@kamenica-musica.de<\/a><br>Anruf und SMS: \u2068+49 15566 043541<\/p>\n<\/details>\n\n\n\n<details class=\"wp-block-details is-layout-flow wp-block-details-is-layout-flow\"><summary><strong>Hildegard Geisler &#8211; Schatzmeisterin<\/strong><\/summary>\n<p><em>Hauptaufgaben:<\/em><\/p>\n\n\n\n<ul class=\"wp-block-list\">\n<li>Ideenentwicklung<\/li>\n\n\n\n<li>Finanzplanung<\/li>\n\n\n\n<li>organisatorischer \u00dcberblick<\/li>\n<\/ul>\n\n\n\n<p><em>Kontakt:<\/em><br>Mail: <a href=\"mailto:hildegard.geisler@kamenica-musica.de\">hildegard.geisler@kamenica-musica.de<\/a><\/p>\n<\/details>\n\n\n\n<details class=\"wp-block-details is-layout-flow wp-block-details-is-layout-flow\"><summary><strong>Sophie Werner \u2013 2. Vereinsvorsitzende<\/strong><\/summary>\n<p><em>Hauptaufgaben:<\/em><\/p>\n\n\n\n<ul class=\"wp-block-list\">\n<li>Freiwilligenkoordination,<\/li>\n\n\n\n<li>Ansprechpartnerin (WhatsApp, Telegramm, Signal, Instagram)<\/li>\n\n\n\n<li>Organisation und Translation<\/li>\n\n\n\n<li>Awareness-Team<\/li>\n<\/ul>\n\n\n\n<p><em>Kontakt:<\/em><br>Mail: <a href=\"mailto:sophie.werner@kamenica-musica.de\">sophie.werner@kamenica-musica.de<\/a><br>WhatsApp, Signal, Telegram: \u2068+49 15566 043541<br>Instagram: @kamenica_musica<\/p>\n<\/details>\n\n\n\n<details class=\"wp-block-details is-layout-flow wp-block-details-is-layout-flow\"><summary><strong>Marie Angelina Patschinsky \u2013 Vorstand<\/strong><\/summary>\n<p><em>Hauptaufgaben:<\/em><\/p>\n\n\n\n<ul class=\"wp-block-list\">\n<li>kreative Umsetzung<\/li>\n\n\n\n<li>Organisation<\/li>\n\n\n\n<li>Koordination<\/li>\n<\/ul>\n\n\n\n<p><em>Kontakt:<\/em><br>Mail: m.patschinsky@icloud.com<br>Instagram: @kamenica_musica, @marieangelinr<\/p>\n<\/details>\n\n\n\n<details class=\"wp-block-details is-layout-flow wp-block-details-is-layout-flow\"><summary><strong>Jessica Ramm \u2013 Freiwillige<\/strong><\/summary>\n<p><em>Hauptaufgaben:<\/em><\/p>\n\n\n\n<ul class=\"wp-block-list\">\n<li>Verantwortliche f\u00fcr Social Media,<\/li>\n\n\n\n<li>Ansprechpartnerin Instagram<\/li>\n\n\n\n<li>Mitarbeiterin im Video-Team<\/li>\n<\/ul>\n\n\n\n<p><em>Kontakt:<\/em><br>Instagram: @kamenica_musica<\/p>\n<\/details>\n\n\n\n<p><\/p>\n\n\n\n<p>Wir stehen f\u00fcr:<\/p>\n\n\n\n<figure class=\"wp-block-image size-large\"><img loading=\"lazy\" decoding=\"async\" width=\"1024\" height=\"819\" src=\"https:\/\/kamenica-musica.de\/wp-content\/uploads\/2024\/05\/Werte-1-1024x819.png\" alt=\"\" class=\"wp-image-348\" srcset=\"https:\/\/kamenica-musica.de\/wp-content\/uploads\/2024\/05\/Werte-1-1024x819.png 1024w, https:\/\/kamenica-musica.de\/wp-content\/uploads\/2024\/05\/Werte-1-300x240.png 300w, https:\/\/kamenica-musica.de\/wp-content\/uploads\/2024\/05\/Werte-1-768x614.png 768w, https:\/\/kamenica-musica.de\/wp-content\/uploads\/2024\/05\/Werte-1-1536x1229.png 1536w, https:\/\/kamenica-musica.de\/wp-content\/uploads\/2024\/05\/Werte-1-2048x1638.png 2048w\" sizes=\"auto, (max-width: 1024px) 100vw, 1024px\" \/><\/figure>\n\n\n\n<p>Wenn du mehr \u00fcber unsere Werte und unseren Umgang erfahren willst, kannst du <a href=\"https:\/\/kamenica-musica.de\/wp-content\/uploads\/2024\/05\/AWARENESSKONZEPT_KAMENICAMUSICA_de.pdf\" data-type=\"attachment\" data-id=\"345\">hier<\/a> in unser Awarenesskonzept schauen.<\/p>\n","protected":false},"excerpt":{"rendered":"<p>Wir sind Kamenica Musica, eine Initiative, die sich aus einer breiten Gruppe von unterschiedlichen Menschen zusammensetzt und sich f\u00fcr Musik, Diversit\u00e4t und kulturellen Austausch einsetzt. Und das sind ein paar [&#8230;] <\/p>\n<p class=\"more-link-container\"><a href=\"https:\/\/kamenica-musica.de\/index.php\/wer-sind-wir\/\" class=\"more-link\">Read More<span class=\"screen-reader-text\"> &#8222;Wer sind wir?&#8220;<\/span><\/a><\/p>\n","protected":false},"author":2,"featured_media":0,"parent":0,"menu_order":0,"comment_status":"closed","ping_status":"closed","template":"","meta":{"_price":"","_stock":"","_tribe_ticket_header":"","_tribe_default_ticket_provider":"","_tribe_ticket_capacity":"0","_ticket_start_date":"","_ticket_end_date":"","_tribe_ticket_show_description":"","_tribe_ticket_show_not_going":false,"_tribe_ticket_use_global_stock":"","_tribe_ticket_global_stock_level":"","_global_stock_mode":"","_global_stock_cap":"","_tribe_rsvp_for_event":"","_tribe_ticket_going_count":"","_tribe_ticket_not_going_count":"","_tribe_tickets_list":"[]","_tribe_ticket_has_attendee_info_fields":false,"footnotes":"","_tec_slr_enabled":"","_tec_slr_layout":""},"class_list":["post-324","page","type-page","status-publish","hentry"],"ticketed":false,"_links":{"self":[{"href":"https:\/\/kamenica-musica.de\/index.php\/wp-json\/wp\/v2\/pages\/324","targetHints":{"allow":["GET"]}}],"collection":[{"href":"https:\/\/kamenica-musica.de\/index.php\/wp-json\/wp\/v2\/pages"}],"about":[{"href":"https:\/\/kamenica-musica.de\/index.php\/wp-json\/wp\/v2\/types\/page"}],"author":[{"embeddable":true,"href":"https:\/\/kamenica-musica.de\/index.php\/wp-json\/wp\/v2\/users\/2"}],"replies":[{"embeddable":true,"href":"https:\/\/kamenica-musica.de\/index.php\/wp-json\/wp\/v2\/comments?post=324"}],"version-history":[{"count":15,"href":"https:\/\/kamenica-musica.de\/index.php\/wp-json\/wp\/v2\/pages\/324\/revisions"}],"predecessor-version":[{"id":415,"href":"https:\/\/kamenica-musica.de\/index.php\/wp-json\/wp\/v2\/pages\/324\/revisions\/415"}],"wp:attachment":[{"href":"https:\/\/kamenica-musica.de\/index.php\/wp-json\/wp\/v2\/media?parent=324"}],"curies":[{"name":"wp","href":"https:\/\/api.w.org\/{rel}","templated":true}]}}