{"id":390,"date":"2024-06-01T08:02:10","date_gmt":"2024-06-01T06:02:10","guid":{"rendered":"https:\/\/kamenica-musica.de\/?page_id=390"},"modified":"2025-01-18T11:17:23","modified_gmt":"2025-01-18T10:17:23","slug":"leichte-sprache","status":"publish","type":"page","link":"https:\/\/kamenica-musica.de\/index.php\/leichte-sprache\/","title":{"rendered":"Informationen in Leichter Sprache"},"content":{"rendered":"\n<div class=\"wp-block-media-text is-stacked-on-mobile\" style=\"grid-template-columns:30% auto\"><figure class=\"wp-block-media-text__media\"><img loading=\"lazy\" decoding=\"async\" width=\"300\" height=\"300\" src=\"https:\/\/kamenica-musica.de\/wp-content\/uploads\/2024\/06\/Bild1-300x300.jpg\" alt=\"\" class=\"wp-image-392 size-medium\" srcset=\"https:\/\/kamenica-musica.de\/wp-content\/uploads\/2024\/06\/Bild1-300x300.jpg 300w, https:\/\/kamenica-musica.de\/wp-content\/uploads\/2024\/06\/Bild1-150x150.jpg 150w, https:\/\/kamenica-musica.de\/wp-content\/uploads\/2024\/06\/Bild1.jpg 346w\" sizes=\"auto, (max-width: 300px) 100vw, 300px\" \/><\/figure><div class=\"wp-block-media-text__content\">\n<p class=\"has-large-font-size\">Dieser Text ist in Leichter Sprache.<br>Er soll f\u00fcr viele Menschen verst\u00e4ndlich sein.<\/p>\n<\/div><\/div>\n\n\n\n<h2 class=\"wp-block-heading has-large-font-size\"><strong>Wir benutzen den Stern: *<\/strong><\/h2>\n\n\n\n<p class=\"has-large-font-size\">Wir m\u00f6chten alle Menschen ansprechen.<\/p>\n\n\n\n<p class=\"has-large-font-size\">Egal, welches Geschlecht sie haben.<\/p>\n\n\n\n<p class=\"has-large-font-size\">Deshalb setzen wir in manche W\u00f6rter einen *.<\/p>\n\n\n\n<p class=\"has-large-font-size\">Zum Beispiel in Musiker*in.<\/p>\n\n\n\n<p class=\"has-large-font-size\">Damit meinen wir Frauen, M\u00e4nner und alle anderen Geschlechter.<\/p>\n\n\n\n<h2 class=\"wp-block-heading has-large-font-size\"><strong>Worum geht es?<\/strong><\/h2>\n\n\n\n<div class=\"wp-block-media-text is-stacked-on-mobile\" style=\"grid-template-columns:30% auto\"><figure class=\"wp-block-media-text__media\"><img loading=\"lazy\" decoding=\"async\" width=\"292\" height=\"300\" src=\"https:\/\/kamenica-musica.de\/wp-content\/uploads\/2024\/06\/Bild2-292x300.png\" alt=\"\" class=\"wp-image-393 size-medium\" srcset=\"https:\/\/kamenica-musica.de\/wp-content\/uploads\/2024\/06\/Bild2-292x300.png 292w, https:\/\/kamenica-musica.de\/wp-content\/uploads\/2024\/06\/Bild2.png 347w\" sizes=\"auto, (max-width: 292px) 100vw, 292px\" \/><\/figure><div class=\"wp-block-media-text__content\">\n<p class=\"has-large-font-size\">Kamenica Musica ist ein Projekt in Chemnitz.<\/p>\n\n\n\n<p class=\"has-large-font-size\">Bei einem Spaziergang kannst Du Musik aus Chemnitz h\u00f6ren.<\/p>\n\n\n\n<p class=\"has-large-font-size\">Und etwas \u00fcber die Musik-Geschichte der Stadt erfahren.<\/p>\n<\/div><\/div>\n\n\n\n<h2 class=\"wp-block-heading has-large-font-size\"><strong>Was bedeutet Kamenica Musica?<\/strong><\/h2>\n\n\n\n<p class=\"has-large-font-size\">Den Namen haben wir vom Projekt uns ausgedacht.<\/p>\n\n\n\n<p class=\"has-large-font-size\">Musica bedeutet Musik.<\/p>\n\n\n\n<p class=\"has-large-font-size\">Kamenica klingt so \u00e4hnlich wie ein alter Name f\u00fcr die Stadt Chemnitz.<\/p>\n\n\n\n<figure class=\"wp-block-image size-full\"><img loading=\"lazy\" decoding=\"async\" width=\"866\" height=\"649\" src=\"https:\/\/kamenica-musica.de\/wp-content\/uploads\/2024\/06\/Bild3.jpg\" alt=\"\" class=\"wp-image-394\" srcset=\"https:\/\/kamenica-musica.de\/wp-content\/uploads\/2024\/06\/Bild3.jpg 866w, https:\/\/kamenica-musica.de\/wp-content\/uploads\/2024\/06\/Bild3-300x225.jpg 300w, https:\/\/kamenica-musica.de\/wp-content\/uploads\/2024\/06\/Bild3-768x576.jpg 768w\" sizes=\"auto, (max-width: 866px) 100vw, 866px\" \/><\/figure>\n\n\n\n<h2 class=\"wp-block-heading has-large-font-size\"><strong>Was kannst Du bei Kamenica Musica machen?<\/strong><\/h2>\n\n\n\n<p class=\"has-large-font-size\">Du kannst einen Spaziergang an dem Fluss Chemnitz machen.<\/p>\n\n\n\n<p class=\"has-large-font-size\">Oder mit dem Fahrrad fahren.<\/p>\n\n\n\n<p class=\"has-large-font-size\">Am Weg gibt es Info-Tafeln.<\/p>\n\n\n\n<p class=\"has-large-font-size\">Dort erf\u00e4hrst Du etwas \u00fcber die Musik-Geschichte der Stadt Chemnitz.<\/p>\n\n\n\n<p class=\"has-large-font-size\">Unterschiedliche Arten von Musik aus Chemnitz werden vorgestellt.<\/p>\n\n\n\n<p class=\"has-large-font-size\">Die Texte gibt es auch in Leichter Sprache.<\/p>\n\n\n\n<p class=\"has-large-font-size\">Und Du kannst die Musik h\u00f6ren, die auf der Info-Tafel vorgestellt wurde.<\/p>\n\n\n\n<p class=\"has-large-font-size\">Das geht \u00fcber Lautsprecher an der Station.<\/p>\n\n\n\n<p class=\"has-large-font-size\">Oder Du scannst einen QR-Code mit deinem Handy.<\/p>\n\n\n\n<h2 class=\"wp-block-heading has-large-font-size\"><strong>Warum machen wir das Projekt?<\/strong><\/h2>\n\n\n\n<p class=\"has-large-font-size\">Wir wollen Musik aus Chemnitz bekannter machen.<\/p>\n\n\n\n<p class=\"has-large-font-size\">Meistens kann man die Musik nur in Konzert-H\u00e4usern oder Musik-Schulen h\u00f6ren.<\/p>\n\n\n\n<p class=\"has-large-font-size\">Das kostet oft Eintritt.<\/p>\n\n\n\n<p class=\"has-large-font-size\">Viele Menschen kennen die Musik gar nicht, die in Chemnitz gemacht wird.<\/p>\n\n\n\n<p class=\"has-large-font-size\">Das wollen wir \u00e4ndern.<\/p>\n\n\n\n<p class=\"has-large-font-size\">An den H\u00f6rstationen kannst Du die Musik mitten in der Natur h\u00f6ren.<\/p>\n\n\n\n<p class=\"has-large-font-size\">Es ist kostenlos.<\/p>\n\n\n\n<p class=\"has-large-font-size\">Und Du kannst Musik aus Chemnitz kennenlernen.<\/p>\n\n\n\n<p class=\"has-large-font-size\">Die Musik-St\u00fccke werden extra f\u00fcr das Projekt aufgenommen.<\/p>\n\n\n\n<p class=\"has-large-font-size\">Musiker*innen aus Chemnitz haben sie zusammen mit Musik-Gruppen aus unseren Nachbar-L\u00e4ndern aufgenommen.\u00a0<\/p>\n\n\n\n<p class=\"has-large-font-size\">Zum Beispiel Polen oder Tschechien.<\/p>\n\n\n\n<p class=\"has-large-font-size\">So werden die Verbindungen zwischen den L\u00e4ndern st\u00e4rker.<\/p>\n\n\n\n<p class=\"has-large-font-size\">Im Jahr 2025 ist Chemnitz eine Kultur-Hauptstadt.<\/p>\n\n\n\n<p class=\"has-large-font-size\">Es gibt im ganzen Jahr viele verschiedene Veranstaltungen.<\/p>\n\n\n\n<p class=\"has-large-font-size\">Dabei sollen Menschen und Projekte bekannter werden, die viele bisher nicht kennen.<\/p>\n\n\n\n<p class=\"has-large-font-size\">Das macht das Projekt Kamenica Musica auch!<\/p>\n\n\n\n<p class=\"has-large-font-size\">In der Zukunft sollen noch mehr Stationen entstehen.<\/p>\n\n\n\n<p class=\"has-large-font-size\">In Chemnitz und vielleicht auch in den Nachbar-L\u00e4ndern!<\/p>\n\n\n\n<figure class=\"wp-block-image size-full\"><img loading=\"lazy\" decoding=\"async\" width=\"866\" height=\"649\" src=\"https:\/\/kamenica-musica.de\/wp-content\/uploads\/2024\/06\/Bild4.jpg\" alt=\"\" class=\"wp-image-395\" srcset=\"https:\/\/kamenica-musica.de\/wp-content\/uploads\/2024\/06\/Bild4.jpg 866w, https:\/\/kamenica-musica.de\/wp-content\/uploads\/2024\/06\/Bild4-300x225.jpg 300w, https:\/\/kamenica-musica.de\/wp-content\/uploads\/2024\/06\/Bild4-768x576.jpg 768w\" sizes=\"auto, (max-width: 866px) 100vw, 866px\" \/><\/figure>\n\n\n\n<h2 class=\"wp-block-heading has-large-font-size\"><strong>Wo geht der Spaziergang entlang?<\/strong><\/h2>\n\n\n\n<p class=\"has-large-font-size\">Der Weg von Kamenica Musica beginnt an der End-Haltestelle Altchemnitz.<\/p>\n\n\n\n<p class=\"has-large-font-size\">Dann geht er am Fluss Chemnitz entlang.<\/p>\n\n\n\n<p class=\"has-large-font-size\">Der Weg geht<\/p>\n\n\n\n<ul class=\"wp-block-list\">\n<li class=\"has-large-font-size\">vorbei am Flussbad Altchemnitz<\/li>\n\n\n\n<li class=\"has-large-font-size\">vorbei am Europapark<\/li>\n\n\n\n<li class=\"has-large-font-size\">durch den Stadt-Park<\/li>\n\n\n\n<li class=\"has-large-font-size\">bis zum Weltecho und dem Falkeplatz&nbsp;<\/li>\n<\/ul>\n\n\n\n<h2 class=\"wp-block-heading has-large-font-size\"><strong>Ist der Weg barrierefrei?<\/strong><\/h2>\n\n\n\n<p class=\"has-large-font-size\">Es gibt keine Stufen.<\/p>\n\n\n\n<p class=\"has-large-font-size\">Wenn der Weg holprig oder steil ist, weisen wir auf einen anderen Weg hin.<\/p>\n\n\n\n<p class=\"has-large-font-size\">Unterwegs gibt es immer wieder Sitz- M\u00f6glichkeiten.<\/p>\n\n\n\n<figure class=\"wp-block-image size-full\"><img loading=\"lazy\" decoding=\"async\" width=\"520\" height=\"693\" src=\"https:\/\/kamenica-musica.de\/wp-content\/uploads\/2024\/06\/Bild5.jpg\" alt=\"\" class=\"wp-image-396\" srcset=\"https:\/\/kamenica-musica.de\/wp-content\/uploads\/2024\/06\/Bild5.jpg 520w, https:\/\/kamenica-musica.de\/wp-content\/uploads\/2024\/06\/Bild5-225x300.jpg 225w\" sizes=\"auto, (max-width: 520px) 100vw, 520px\" \/><\/figure>\n\n\n\n<h2 class=\"wp-block-heading has-large-font-size\"><strong>Wer macht das Projekt?<\/strong><\/h2>\n\n\n\n<p class=\"has-large-font-size\">Wir sind eine kleine Gruppe.<\/p>\n\n\n\n<p class=\"has-large-font-size\">Einige von uns kennen sich gut aus mit Musik und Kultur.<\/p>\n\n\n\n<p class=\"has-large-font-size\">Wir m\u00f6chten zusammen etwas Sch\u00f6nes und Neues in Chemnitz machen.<\/p>\n\n\n\n<p class=\"has-large-font-size\">Wenn Du mitmachen willst, melde dich bei uns!<\/p>\n\n\n\n<p class=\"has-large-font-size\">Telefon: 0155 \u2013 66 04 35 41<\/p>\n\n\n\n<p class=\"has-large-font-size\">E-Mail: <a href=\"mailto:info@kamenica-musica.de\">info[at]kamenica-musica.de<\/a><\/p>\n\n\n\n<p class=\"has-large-font-size\">Instagram: @kamenica_musica<\/p>\n\n\n\n<p><\/p>\n","protected":false},"excerpt":{"rendered":"<p>Dieser Text ist in Leichter Sprache.Er soll f\u00fcr viele Menschen verst\u00e4ndlich sein. Wir benutzen den Stern: * Wir m\u00f6chten alle Menschen ansprechen. Egal, welches Geschlecht sie haben. Deshalb setzen wir [&#8230;] <\/p>\n<p class=\"more-link-container\"><a href=\"https:\/\/kamenica-musica.de\/index.php\/leichte-sprache\/\" class=\"more-link\">Read More<span class=\"screen-reader-text\"> &#8222;Informationen in Leichter Sprache&#8220;<\/span><\/a><\/p>\n","protected":false},"author":8,"featured_media":0,"parent":0,"menu_order":0,"comment_status":"closed","ping_status":"closed","template":"","meta":{"_price":"","_stock":"","_tribe_ticket_header":"","_tribe_default_ticket_provider":"","_tribe_ticket_capacity":"0","_ticket_start_date":"","_ticket_end_date":"","_tribe_ticket_show_description":"","_tribe_ticket_show_not_going":false,"_tribe_ticket_use_global_stock":"","_tribe_ticket_global_stock_level":"","_global_stock_mode":"","_global_stock_cap":"","_tribe_rsvp_for_event":"","_tribe_ticket_going_count":"","_tribe_ticket_not_going_count":"","_tribe_tickets_list":"[]","_tribe_ticket_has_attendee_info_fields":false,"footnotes":"","_tec_slr_enabled":"","_tec_slr_layout":""},"class_list":["post-390","page","type-page","status-publish","hentry"],"ticketed":false,"_links":{"self":[{"href":"https:\/\/kamenica-musica.de\/index.php\/wp-json\/wp\/v2\/pages\/390","targetHints":{"allow":["GET"]}}],"collection":[{"href":"https:\/\/kamenica-musica.de\/index.php\/wp-json\/wp\/v2\/pages"}],"about":[{"href":"https:\/\/kamenica-musica.de\/index.php\/wp-json\/wp\/v2\/types\/page"}],"author":[{"embeddable":true,"href":"https:\/\/kamenica-musica.de\/index.php\/wp-json\/wp\/v2\/users\/8"}],"replies":[{"embeddable":true,"href":"https:\/\/kamenica-musica.de\/index.php\/wp-json\/wp\/v2\/comments?post=390"}],"version-history":[{"count":12,"href":"https:\/\/kamenica-musica.de\/index.php\/wp-json\/wp\/v2\/pages\/390\/revisions"}],"predecessor-version":[{"id":539,"href":"https:\/\/kamenica-musica.de\/index.php\/wp-json\/wp\/v2\/pages\/390\/revisions\/539"}],"wp:attachment":[{"href":"https:\/\/kamenica-musica.de\/index.php\/wp-json\/wp\/v2\/media?parent=390"}],"curies":[{"name":"wp","href":"https:\/\/api.w.org\/{rel}","templated":true}]}}