{"id":418,"date":"2025-01-17T17:07:34","date_gmt":"2025-01-17T16:07:34","guid":{"rendered":"https:\/\/kamenica-musica.de\/index.php\/projektidee-cestina\/"},"modified":"2025-01-18T02:46:59","modified_gmt":"2025-01-18T01:46:59","slug":"projektidee-cestina","status":"publish","type":"page","link":"https:\/\/kamenica-musica.de\/index.php\/cs\/projektidee-cestina\/","title":{"rendered":"N\u00e1pad na projekt"},"content":{"rendered":"<div id=\"metaslider-id-516\" style=\"width: 100%;\" class=\"ml-slider-3-97-0 metaslider metaslider-flex metaslider-516 ml-slider ms-theme-default-base has-carousel-mode has-dots-nav\" role=\"region\" aria-roledescription=\"Slideshow\" aria-label=\"New Slideshow\" data-width=\"700\">\n    <div id=\"metaslider_container_516\">\n        <div id=\"metaslider_516\">\n            <ul class='slides'>\n                <li style=\"display: none; width: 100%;\" class=\"slide-517 ms-image \" aria-roledescription=\"slide\" aria-label=\"slide-517\" data-date=\"2025-01-18 02:34:38\"><img loading=\"lazy\" decoding=\"async\" width=\"2560\" height=\"1928\" src=\"https:\/\/kamenica-musica.de\/wp-content\/uploads\/2025\/01\/PXL_20240608_144903128.MP_-scaled.jpg\" class=\"slider-516 slide-517\" alt=\"\" rel=\"\" title=\"PXL_20240608_144903128.MP\" srcset=\"https:\/\/kamenica-musica.de\/wp-content\/uploads\/2025\/01\/PXL_20240608_144903128.MP_-scaled.jpg 2560w, https:\/\/kamenica-musica.de\/wp-content\/uploads\/2025\/01\/PXL_20240608_144903128.MP_-300x226.jpg 300w, https:\/\/kamenica-musica.de\/wp-content\/uploads\/2025\/01\/PXL_20240608_144903128.MP_-1024x771.jpg 1024w, https:\/\/kamenica-musica.de\/wp-content\/uploads\/2025\/01\/PXL_20240608_144903128.MP_-768x578.jpg 768w, https:\/\/kamenica-musica.de\/wp-content\/uploads\/2025\/01\/PXL_20240608_144903128.MP_-1536x1157.jpg 1536w, https:\/\/kamenica-musica.de\/wp-content\/uploads\/2025\/01\/PXL_20240608_144903128.MP_-2048x1542.jpg 2048w\" sizes=\"auto, (max-width: 2560px) 100vw, 2560px\" \/><\/li>\n                <li style=\"display: none; width: 100%;\" class=\"slide-519 ms-image \" aria-roledescription=\"slide\" aria-label=\"slide-519\" data-date=\"2025-01-18 02:35:24\"><img loading=\"lazy\" decoding=\"async\" width=\"2560\" height=\"1920\" src=\"https:\/\/kamenica-musica.de\/wp-content\/uploads\/2025\/01\/IMG_20240615_154850781_HDR-scaled.jpg\" class=\"slider-516 slide-519\" alt=\"\" rel=\"\" title=\"IMG_20240615_154850781_HDR\" srcset=\"https:\/\/kamenica-musica.de\/wp-content\/uploads\/2025\/01\/IMG_20240615_154850781_HDR-scaled.jpg 2560w, https:\/\/kamenica-musica.de\/wp-content\/uploads\/2025\/01\/IMG_20240615_154850781_HDR-300x225.jpg 300w, https:\/\/kamenica-musica.de\/wp-content\/uploads\/2025\/01\/IMG_20240615_154850781_HDR-1024x768.jpg 1024w, https:\/\/kamenica-musica.de\/wp-content\/uploads\/2025\/01\/IMG_20240615_154850781_HDR-768x576.jpg 768w, https:\/\/kamenica-musica.de\/wp-content\/uploads\/2025\/01\/IMG_20240615_154850781_HDR-1536x1152.jpg 1536w, https:\/\/kamenica-musica.de\/wp-content\/uploads\/2025\/01\/IMG_20240615_154850781_HDR-2048x1536.jpg 2048w\" sizes=\"auto, (max-width: 2560px) 100vw, 2560px\" \/><\/li>\n                <li style=\"display: none; width: 100%;\" class=\"slide-521 ms-image \" aria-roledescription=\"slide\" aria-label=\"slide-521\" data-date=\"2025-01-18 02:35:48\"><img loading=\"lazy\" decoding=\"async\" width=\"2560\" height=\"1920\" src=\"https:\/\/kamenica-musica.de\/wp-content\/uploads\/2025\/01\/IMG_20240414_185934819_HDR-scaled.jpg\" class=\"slider-516 slide-521\" alt=\"\" rel=\"\" title=\"IMG_20240414_185934819_HDR\" srcset=\"https:\/\/kamenica-musica.de\/wp-content\/uploads\/2025\/01\/IMG_20240414_185934819_HDR-scaled.jpg 2560w, https:\/\/kamenica-musica.de\/wp-content\/uploads\/2025\/01\/IMG_20240414_185934819_HDR-300x225.jpg 300w, https:\/\/kamenica-musica.de\/wp-content\/uploads\/2025\/01\/IMG_20240414_185934819_HDR-1024x768.jpg 1024w, https:\/\/kamenica-musica.de\/wp-content\/uploads\/2025\/01\/IMG_20240414_185934819_HDR-768x576.jpg 768w, https:\/\/kamenica-musica.de\/wp-content\/uploads\/2025\/01\/IMG_20240414_185934819_HDR-1536x1152.jpg 1536w, https:\/\/kamenica-musica.de\/wp-content\/uploads\/2025\/01\/IMG_20240414_185934819_HDR-2048x1536.jpg 2048w\" sizes=\"auto, (max-width: 2560px) 100vw, 2560px\" \/><\/li>\n                <li style=\"display: none; width: 100%;\" class=\"slide-522 ms-image \" aria-roledescription=\"slide\" aria-label=\"slide-522\" data-date=\"2025-01-18 02:35:53\"><img loading=\"lazy\" decoding=\"async\" width=\"2560\" height=\"1920\" src=\"https:\/\/kamenica-musica.de\/wp-content\/uploads\/2025\/01\/IMG_20240414_113122446-scaled.jpg\" class=\"slider-516 slide-522\" alt=\"\" rel=\"\" title=\"IMG_20240414_113122446\" srcset=\"https:\/\/kamenica-musica.de\/wp-content\/uploads\/2025\/01\/IMG_20240414_113122446-scaled.jpg 2560w, https:\/\/kamenica-musica.de\/wp-content\/uploads\/2025\/01\/IMG_20240414_113122446-300x225.jpg 300w, https:\/\/kamenica-musica.de\/wp-content\/uploads\/2025\/01\/IMG_20240414_113122446-1024x768.jpg 1024w, https:\/\/kamenica-musica.de\/wp-content\/uploads\/2025\/01\/IMG_20240414_113122446-768x576.jpg 768w, https:\/\/kamenica-musica.de\/wp-content\/uploads\/2025\/01\/IMG_20240414_113122446-1536x1152.jpg 1536w, https:\/\/kamenica-musica.de\/wp-content\/uploads\/2025\/01\/IMG_20240414_113122446-2048x1536.jpg 2048w\" sizes=\"auto, (max-width: 2560px) 100vw, 2560px\" \/><\/li>\n                <li style=\"display: none; width: 100%;\" class=\"slide-523 ms-image \" aria-roledescription=\"slide\" aria-label=\"slide-523\" data-date=\"2025-01-18 02:35:58\"><img loading=\"lazy\" decoding=\"async\" width=\"2560\" height=\"1920\" src=\"https:\/\/kamenica-musica.de\/wp-content\/uploads\/2025\/01\/IMG_20240413_224018250-scaled.jpg\" class=\"slider-516 slide-523\" alt=\"\" rel=\"\" title=\"IMG_20240413_224018250\" srcset=\"https:\/\/kamenica-musica.de\/wp-content\/uploads\/2025\/01\/IMG_20240413_224018250-scaled.jpg 2560w, https:\/\/kamenica-musica.de\/wp-content\/uploads\/2025\/01\/IMG_20240413_224018250-300x225.jpg 300w, https:\/\/kamenica-musica.de\/wp-content\/uploads\/2025\/01\/IMG_20240413_224018250-1024x768.jpg 1024w, https:\/\/kamenica-musica.de\/wp-content\/uploads\/2025\/01\/IMG_20240413_224018250-768x576.jpg 768w, https:\/\/kamenica-musica.de\/wp-content\/uploads\/2025\/01\/IMG_20240413_224018250-1536x1152.jpg 1536w, https:\/\/kamenica-musica.de\/wp-content\/uploads\/2025\/01\/IMG_20240413_224018250-2048x1536.jpg 2048w\" sizes=\"auto, (max-width: 2560px) 100vw, 2560px\" \/><\/li>\n                <li style=\"display: none; width: 100%;\" class=\"slide-524 ms-image \" aria-roledescription=\"slide\" aria-label=\"slide-524\" data-date=\"2025-01-18 02:36:03\"><img loading=\"lazy\" decoding=\"async\" width=\"2560\" height=\"1920\" src=\"https:\/\/kamenica-musica.de\/wp-content\/uploads\/2025\/01\/IMG_20240413_134324280-scaled.jpg\" class=\"slider-516 slide-524\" alt=\"\" rel=\"\" title=\"IMG_20240413_134324280\" srcset=\"https:\/\/kamenica-musica.de\/wp-content\/uploads\/2025\/01\/IMG_20240413_134324280-scaled.jpg 2560w, https:\/\/kamenica-musica.de\/wp-content\/uploads\/2025\/01\/IMG_20240413_134324280-300x225.jpg 300w, https:\/\/kamenica-musica.de\/wp-content\/uploads\/2025\/01\/IMG_20240413_134324280-1024x768.jpg 1024w, https:\/\/kamenica-musica.de\/wp-content\/uploads\/2025\/01\/IMG_20240413_134324280-768x576.jpg 768w, https:\/\/kamenica-musica.de\/wp-content\/uploads\/2025\/01\/IMG_20240413_134324280-1536x1152.jpg 1536w, https:\/\/kamenica-musica.de\/wp-content\/uploads\/2025\/01\/IMG_20240413_134324280-2048x1536.jpg 2048w\" sizes=\"auto, (max-width: 2560px) 100vw, 2560px\" \/><\/li>\n                <li style=\"display: none; width: 100%;\" class=\"slide-525 ms-image \" aria-roledescription=\"slide\" aria-label=\"slide-525\" data-date=\"2025-01-18 02:36:11\"><img loading=\"lazy\" decoding=\"async\" width=\"2560\" height=\"1704\" src=\"https:\/\/kamenica-musica.de\/wp-content\/uploads\/2025\/01\/IMG_5422-scaled.jpg\" class=\"slider-516 slide-525\" alt=\"\" rel=\"\" title=\"IMG_5422\" srcset=\"https:\/\/kamenica-musica.de\/wp-content\/uploads\/2025\/01\/IMG_5422-scaled.jpg 2560w, https:\/\/kamenica-musica.de\/wp-content\/uploads\/2025\/01\/IMG_5422-300x200.jpg 300w, https:\/\/kamenica-musica.de\/wp-content\/uploads\/2025\/01\/IMG_5422-1024x682.jpg 1024w, https:\/\/kamenica-musica.de\/wp-content\/uploads\/2025\/01\/IMG_5422-768x511.jpg 768w, https:\/\/kamenica-musica.de\/wp-content\/uploads\/2025\/01\/IMG_5422-1536x1023.jpg 1536w, https:\/\/kamenica-musica.de\/wp-content\/uploads\/2025\/01\/IMG_5422-2048x1364.jpg 2048w\" sizes=\"auto, (max-width: 2560px) 100vw, 2560px\" \/><\/li>\n                <li style=\"display: none; width: 100%;\" class=\"slide-526 ms-image \" aria-roledescription=\"slide\" aria-label=\"slide-526\" data-date=\"2025-01-18 02:36:17\"><img loading=\"lazy\" decoding=\"async\" width=\"2560\" height=\"1920\" src=\"https:\/\/kamenica-musica.de\/wp-content\/uploads\/2025\/01\/93a_20240404_075200979_HDR-scaled.jpg\" class=\"slider-516 slide-526\" alt=\"\" rel=\"\" title=\"93a_20240404_075200979_HDR\" srcset=\"https:\/\/kamenica-musica.de\/wp-content\/uploads\/2025\/01\/93a_20240404_075200979_HDR-scaled.jpg 2560w, https:\/\/kamenica-musica.de\/wp-content\/uploads\/2025\/01\/93a_20240404_075200979_HDR-300x225.jpg 300w, https:\/\/kamenica-musica.de\/wp-content\/uploads\/2025\/01\/93a_20240404_075200979_HDR-1024x768.jpg 1024w, https:\/\/kamenica-musica.de\/wp-content\/uploads\/2025\/01\/93a_20240404_075200979_HDR-768x576.jpg 768w, https:\/\/kamenica-musica.de\/wp-content\/uploads\/2025\/01\/93a_20240404_075200979_HDR-1536x1152.jpg 1536w, https:\/\/kamenica-musica.de\/wp-content\/uploads\/2025\/01\/93a_20240404_075200979_HDR-2048x1536.jpg 2048w\" sizes=\"auto, (max-width: 2560px) 100vw, 2560px\" \/><\/li>\n                <li style=\"display: none; width: 100%;\" class=\"slide-527 ms-image \" aria-roledescription=\"slide\" aria-label=\"slide-527\" data-date=\"2025-01-18 02:36:24\"><img loading=\"lazy\" decoding=\"async\" width=\"2560\" height=\"1920\" src=\"https:\/\/kamenica-musica.de\/wp-content\/uploads\/2025\/01\/89b_20231030_080404088-scaled.jpg\" class=\"slider-516 slide-527\" alt=\"\" rel=\"\" title=\"89b_20231030_080404088\" srcset=\"https:\/\/kamenica-musica.de\/wp-content\/uploads\/2025\/01\/89b_20231030_080404088-scaled.jpg 2560w, https:\/\/kamenica-musica.de\/wp-content\/uploads\/2025\/01\/89b_20231030_080404088-300x225.jpg 300w, https:\/\/kamenica-musica.de\/wp-content\/uploads\/2025\/01\/89b_20231030_080404088-1024x768.jpg 1024w, https:\/\/kamenica-musica.de\/wp-content\/uploads\/2025\/01\/89b_20231030_080404088-768x576.jpg 768w, https:\/\/kamenica-musica.de\/wp-content\/uploads\/2025\/01\/89b_20231030_080404088-1536x1152.jpg 1536w, https:\/\/kamenica-musica.de\/wp-content\/uploads\/2025\/01\/89b_20231030_080404088-2048x1536.jpg 2048w\" sizes=\"auto, (max-width: 2560px) 100vw, 2560px\" \/><\/li>\n                <li style=\"display: none; width: 100%;\" class=\"slide-528 ms-image \" aria-roledescription=\"slide\" aria-label=\"slide-528\" data-date=\"2025-01-18 02:36:30\"><img loading=\"lazy\" decoding=\"async\" width=\"2040\" height=\"1530\" src=\"https:\/\/kamenica-musica.de\/wp-content\/uploads\/2025\/01\/24-08-11-18-17-30-595b.jpg\" class=\"slider-516 slide-528\" alt=\"\" rel=\"\" title=\"24-08-11 18-17-30 595b\" srcset=\"https:\/\/kamenica-musica.de\/wp-content\/uploads\/2025\/01\/24-08-11-18-17-30-595b.jpg 2040w, https:\/\/kamenica-musica.de\/wp-content\/uploads\/2025\/01\/24-08-11-18-17-30-595b-300x225.jpg 300w, https:\/\/kamenica-musica.de\/wp-content\/uploads\/2025\/01\/24-08-11-18-17-30-595b-1024x768.jpg 1024w, https:\/\/kamenica-musica.de\/wp-content\/uploads\/2025\/01\/24-08-11-18-17-30-595b-768x576.jpg 768w, https:\/\/kamenica-musica.de\/wp-content\/uploads\/2025\/01\/24-08-11-18-17-30-595b-1536x1152.jpg 1536w\" sizes=\"auto, (max-width: 2040px) 100vw, 2040px\" \/><\/li>\n            <\/ul>\n        <\/div>\n        \n    <\/div>\n<\/div>\n\n\n\n<p>Hudebn\u00ed p\u0159\u00edb\u011bhy je t\u0159eba za\u017e\u00edt ve ve\u0159ejn\u00e9m prostoru. Spole\u010dn\u011b s partnery z ostatn\u00edch evropsk\u00fdch zem\u00ed a hosty hlavn\u00edho m\u011bsta kultury chceme p\u0159edstavit chemnitzskou hudbu i jej\u00ed mnoh\u00e1 spojen\u00ed se sousedn\u00edmi zem\u011bmi.<\/p>\n\n\n\n<p>Turistick\u00e1 a cyklistick\u00e1 stezka mezi kone\u010dnou zast\u00e1vkou v Altchemnitz a Falkeplatzem p\u0159es m\u011bstsk\u00fd park by se m\u011bla st\u00e1t hudebn\u00ed proch\u00e1zkou. Od soutoku W\u00fcrschnitz a Zw\u00f6nitz do \u0159eky Chemnitz, kolem interven\u010dn\u00ed oblasti Flussbad Altchemnitz a Europarku, kde bude v budoucnu mezin\u00e1rodn\u00ed tane\u010dn\u00ed centrum a\u017e po Weltecho, vzniknou zast\u00e1vky a u\u010din\u00ed tuto cestu je\u0161t\u011b zaj\u00edmav\u011bj\u0161\u00ed (m\u011bsto na \u0159ece). S informa\u010dn\u00edmi tabulemi a reproduktory, p\u0159es kter\u00e9 bude mo\u017en\u00e9 poslouchat hudbu stisknut\u00edm tla\u010d\u00edtka budou prezentov\u00e1ny hudebn\u00ed aktivity kulturn\u00edho regionu.<\/p>\n\n\n\n<p>Chceme povzbudit m\u00edstn\u00ed iniciativy, aby se uk\u00e1zaly ve ve\u0159ejn\u00e9m prostoru (C the unseen) a povzbudit je k pos\u00edlen\u00ed spojen\u00ed se sousedn\u00edmi zem\u011bmi. Ze spole\u010dn\u00fdch akc\u00ed by m\u011bla vzniknout hudba, kter\u00e1 bude pot\u00e9 sly\u0161et na stanic\u00edch.<\/p>\n","protected":false},"excerpt":{"rendered":"<p>Hudebn\u00ed p\u0159\u00edb\u011bhy je t\u0159eba za\u017e\u00edt ve ve\u0159ejn\u00e9m prostoru. Spole\u010dn\u011b s partnery z ostatn\u00edch evropsk\u00fdch zem\u00ed a hosty hlavn\u00edho m\u011bsta kultury chceme p\u0159edstavit chemnitzskou hudbu i jej\u00ed mnoh\u00e1 spojen\u00ed se sousedn\u00edmi [&#8230;] <\/p>\n<p class=\"more-link-container\"><a href=\"https:\/\/kamenica-musica.de\/index.php\/cs\/projektidee-cestina\/\" class=\"more-link\">Read More<span class=\"screen-reader-text\"> &#8222;N\u00e1pad na projekt&#8220;<\/span><\/a><\/p>\n","protected":false},"author":8,"featured_media":0,"parent":0,"menu_order":0,"comment_status":"closed","ping_status":"closed","template":"","meta":{"_price":"","_stock":"","_tribe_ticket_header":"","_tribe_default_ticket_provider":"","_tribe_ticket_capacity":"0","_ticket_start_date":"","_ticket_end_date":"","_tribe_ticket_show_description":"","_tribe_ticket_show_not_going":false,"_tribe_ticket_use_global_stock":"","_tribe_ticket_global_stock_level":"","_global_stock_mode":"","_global_stock_cap":"","_tribe_rsvp_for_event":"","_tribe_ticket_going_count":"","_tribe_ticket_not_going_count":"","_tribe_tickets_list":"[]","_tribe_ticket_has_attendee_info_fields":false,"footnotes":"","_tec_slr_enabled":"","_tec_slr_layout":""},"class_list":["post-418","page","type-page","status-publish","hentry"],"ticketed":false,"_links":{"self":[{"href":"https:\/\/kamenica-musica.de\/index.php\/wp-json\/wp\/v2\/pages\/418","targetHints":{"allow":["GET"]}}],"collection":[{"href":"https:\/\/kamenica-musica.de\/index.php\/wp-json\/wp\/v2\/pages"}],"about":[{"href":"https:\/\/kamenica-musica.de\/index.php\/wp-json\/wp\/v2\/types\/page"}],"author":[{"embeddable":true,"href":"https:\/\/kamenica-musica.de\/index.php\/wp-json\/wp\/v2\/users\/8"}],"replies":[{"embeddable":true,"href":"https:\/\/kamenica-musica.de\/index.php\/wp-json\/wp\/v2\/comments?post=418"}],"version-history":[{"count":3,"href":"https:\/\/kamenica-musica.de\/index.php\/wp-json\/wp\/v2\/pages\/418\/revisions"}],"predecessor-version":[{"id":534,"href":"https:\/\/kamenica-musica.de\/index.php\/wp-json\/wp\/v2\/pages\/418\/revisions\/534"}],"wp:attachment":[{"href":"https:\/\/kamenica-musica.de\/index.php\/wp-json\/wp\/v2\/media?parent=418"}],"curies":[{"name":"wp","href":"https:\/\/api.w.org\/{rel}","templated":true}]}}