{"id":419,"date":"2025-01-17T17:07:34","date_gmt":"2025-01-17T16:07:34","guid":{"rendered":"https:\/\/kamenica-musica.de\/index.php\/projektidee-polski\/"},"modified":"2025-01-18T02:47:17","modified_gmt":"2025-01-18T01:47:17","slug":"projektidee-polski","status":"publish","type":"page","link":"https:\/\/kamenica-musica.de\/index.php\/pl\/projektidee-polski\/","title":{"rendered":"Opis Projektu"},"content":{"rendered":"<div id=\"metaslider-id-516\" style=\"width: 100%;\" class=\"ml-slider-3-97-0 metaslider metaslider-flex metaslider-516 ml-slider ms-theme-default-base has-carousel-mode has-dots-nav\" role=\"region\" aria-roledescription=\"Slideshow\" aria-label=\"New Slideshow\" data-width=\"700\">\n    <div id=\"metaslider_container_516\">\n        <div id=\"metaslider_516\">\n            <ul class='slides'>\n                <li style=\"display: none; width: 100%;\" class=\"slide-517 ms-image \" aria-roledescription=\"slide\" aria-label=\"slide-517\" data-date=\"2025-01-18 02:34:38\"><img loading=\"lazy\" decoding=\"async\" width=\"2560\" height=\"1928\" src=\"https:\/\/kamenica-musica.de\/wp-content\/uploads\/2025\/01\/PXL_20240608_144903128.MP_-scaled.jpg\" class=\"slider-516 slide-517\" alt=\"\" rel=\"\" title=\"PXL_20240608_144903128.MP\" srcset=\"https:\/\/kamenica-musica.de\/wp-content\/uploads\/2025\/01\/PXL_20240608_144903128.MP_-scaled.jpg 2560w, https:\/\/kamenica-musica.de\/wp-content\/uploads\/2025\/01\/PXL_20240608_144903128.MP_-300x226.jpg 300w, https:\/\/kamenica-musica.de\/wp-content\/uploads\/2025\/01\/PXL_20240608_144903128.MP_-1024x771.jpg 1024w, https:\/\/kamenica-musica.de\/wp-content\/uploads\/2025\/01\/PXL_20240608_144903128.MP_-768x578.jpg 768w, https:\/\/kamenica-musica.de\/wp-content\/uploads\/2025\/01\/PXL_20240608_144903128.MP_-1536x1157.jpg 1536w, https:\/\/kamenica-musica.de\/wp-content\/uploads\/2025\/01\/PXL_20240608_144903128.MP_-2048x1542.jpg 2048w\" sizes=\"auto, (max-width: 2560px) 100vw, 2560px\" \/><\/li>\n                <li style=\"display: none; width: 100%;\" class=\"slide-519 ms-image \" aria-roledescription=\"slide\" aria-label=\"slide-519\" data-date=\"2025-01-18 02:35:24\"><img loading=\"lazy\" decoding=\"async\" width=\"2560\" height=\"1920\" src=\"https:\/\/kamenica-musica.de\/wp-content\/uploads\/2025\/01\/IMG_20240615_154850781_HDR-scaled.jpg\" class=\"slider-516 slide-519\" alt=\"\" rel=\"\" title=\"IMG_20240615_154850781_HDR\" srcset=\"https:\/\/kamenica-musica.de\/wp-content\/uploads\/2025\/01\/IMG_20240615_154850781_HDR-scaled.jpg 2560w, https:\/\/kamenica-musica.de\/wp-content\/uploads\/2025\/01\/IMG_20240615_154850781_HDR-300x225.jpg 300w, https:\/\/kamenica-musica.de\/wp-content\/uploads\/2025\/01\/IMG_20240615_154850781_HDR-1024x768.jpg 1024w, https:\/\/kamenica-musica.de\/wp-content\/uploads\/2025\/01\/IMG_20240615_154850781_HDR-768x576.jpg 768w, https:\/\/kamenica-musica.de\/wp-content\/uploads\/2025\/01\/IMG_20240615_154850781_HDR-1536x1152.jpg 1536w, https:\/\/kamenica-musica.de\/wp-content\/uploads\/2025\/01\/IMG_20240615_154850781_HDR-2048x1536.jpg 2048w\" sizes=\"auto, (max-width: 2560px) 100vw, 2560px\" \/><\/li>\n                <li style=\"display: none; width: 100%;\" class=\"slide-521 ms-image \" aria-roledescription=\"slide\" aria-label=\"slide-521\" data-date=\"2025-01-18 02:35:48\"><img loading=\"lazy\" decoding=\"async\" width=\"2560\" height=\"1920\" src=\"https:\/\/kamenica-musica.de\/wp-content\/uploads\/2025\/01\/IMG_20240414_185934819_HDR-scaled.jpg\" class=\"slider-516 slide-521\" alt=\"\" rel=\"\" title=\"IMG_20240414_185934819_HDR\" srcset=\"https:\/\/kamenica-musica.de\/wp-content\/uploads\/2025\/01\/IMG_20240414_185934819_HDR-scaled.jpg 2560w, https:\/\/kamenica-musica.de\/wp-content\/uploads\/2025\/01\/IMG_20240414_185934819_HDR-300x225.jpg 300w, https:\/\/kamenica-musica.de\/wp-content\/uploads\/2025\/01\/IMG_20240414_185934819_HDR-1024x768.jpg 1024w, https:\/\/kamenica-musica.de\/wp-content\/uploads\/2025\/01\/IMG_20240414_185934819_HDR-768x576.jpg 768w, https:\/\/kamenica-musica.de\/wp-content\/uploads\/2025\/01\/IMG_20240414_185934819_HDR-1536x1152.jpg 1536w, https:\/\/kamenica-musica.de\/wp-content\/uploads\/2025\/01\/IMG_20240414_185934819_HDR-2048x1536.jpg 2048w\" sizes=\"auto, (max-width: 2560px) 100vw, 2560px\" \/><\/li>\n                <li style=\"display: none; width: 100%;\" class=\"slide-522 ms-image \" aria-roledescription=\"slide\" aria-label=\"slide-522\" data-date=\"2025-01-18 02:35:53\"><img loading=\"lazy\" decoding=\"async\" width=\"2560\" height=\"1920\" src=\"https:\/\/kamenica-musica.de\/wp-content\/uploads\/2025\/01\/IMG_20240414_113122446-scaled.jpg\" class=\"slider-516 slide-522\" alt=\"\" rel=\"\" title=\"IMG_20240414_113122446\" srcset=\"https:\/\/kamenica-musica.de\/wp-content\/uploads\/2025\/01\/IMG_20240414_113122446-scaled.jpg 2560w, https:\/\/kamenica-musica.de\/wp-content\/uploads\/2025\/01\/IMG_20240414_113122446-300x225.jpg 300w, https:\/\/kamenica-musica.de\/wp-content\/uploads\/2025\/01\/IMG_20240414_113122446-1024x768.jpg 1024w, https:\/\/kamenica-musica.de\/wp-content\/uploads\/2025\/01\/IMG_20240414_113122446-768x576.jpg 768w, https:\/\/kamenica-musica.de\/wp-content\/uploads\/2025\/01\/IMG_20240414_113122446-1536x1152.jpg 1536w, https:\/\/kamenica-musica.de\/wp-content\/uploads\/2025\/01\/IMG_20240414_113122446-2048x1536.jpg 2048w\" sizes=\"auto, (max-width: 2560px) 100vw, 2560px\" \/><\/li>\n                <li style=\"display: none; width: 100%;\" class=\"slide-523 ms-image \" aria-roledescription=\"slide\" aria-label=\"slide-523\" data-date=\"2025-01-18 02:35:58\"><img loading=\"lazy\" decoding=\"async\" width=\"2560\" height=\"1920\" src=\"https:\/\/kamenica-musica.de\/wp-content\/uploads\/2025\/01\/IMG_20240413_224018250-scaled.jpg\" class=\"slider-516 slide-523\" alt=\"\" rel=\"\" title=\"IMG_20240413_224018250\" srcset=\"https:\/\/kamenica-musica.de\/wp-content\/uploads\/2025\/01\/IMG_20240413_224018250-scaled.jpg 2560w, https:\/\/kamenica-musica.de\/wp-content\/uploads\/2025\/01\/IMG_20240413_224018250-300x225.jpg 300w, https:\/\/kamenica-musica.de\/wp-content\/uploads\/2025\/01\/IMG_20240413_224018250-1024x768.jpg 1024w, https:\/\/kamenica-musica.de\/wp-content\/uploads\/2025\/01\/IMG_20240413_224018250-768x576.jpg 768w, https:\/\/kamenica-musica.de\/wp-content\/uploads\/2025\/01\/IMG_20240413_224018250-1536x1152.jpg 1536w, https:\/\/kamenica-musica.de\/wp-content\/uploads\/2025\/01\/IMG_20240413_224018250-2048x1536.jpg 2048w\" sizes=\"auto, (max-width: 2560px) 100vw, 2560px\" \/><\/li>\n                <li style=\"display: none; width: 100%;\" class=\"slide-524 ms-image \" aria-roledescription=\"slide\" aria-label=\"slide-524\" data-date=\"2025-01-18 02:36:03\"><img loading=\"lazy\" decoding=\"async\" width=\"2560\" height=\"1920\" src=\"https:\/\/kamenica-musica.de\/wp-content\/uploads\/2025\/01\/IMG_20240413_134324280-scaled.jpg\" class=\"slider-516 slide-524\" alt=\"\" rel=\"\" title=\"IMG_20240413_134324280\" srcset=\"https:\/\/kamenica-musica.de\/wp-content\/uploads\/2025\/01\/IMG_20240413_134324280-scaled.jpg 2560w, https:\/\/kamenica-musica.de\/wp-content\/uploads\/2025\/01\/IMG_20240413_134324280-300x225.jpg 300w, https:\/\/kamenica-musica.de\/wp-content\/uploads\/2025\/01\/IMG_20240413_134324280-1024x768.jpg 1024w, https:\/\/kamenica-musica.de\/wp-content\/uploads\/2025\/01\/IMG_20240413_134324280-768x576.jpg 768w, https:\/\/kamenica-musica.de\/wp-content\/uploads\/2025\/01\/IMG_20240413_134324280-1536x1152.jpg 1536w, https:\/\/kamenica-musica.de\/wp-content\/uploads\/2025\/01\/IMG_20240413_134324280-2048x1536.jpg 2048w\" sizes=\"auto, (max-width: 2560px) 100vw, 2560px\" \/><\/li>\n                <li style=\"display: none; width: 100%;\" class=\"slide-525 ms-image \" aria-roledescription=\"slide\" aria-label=\"slide-525\" data-date=\"2025-01-18 02:36:11\"><img loading=\"lazy\" decoding=\"async\" width=\"2560\" height=\"1704\" src=\"https:\/\/kamenica-musica.de\/wp-content\/uploads\/2025\/01\/IMG_5422-scaled.jpg\" class=\"slider-516 slide-525\" alt=\"\" rel=\"\" title=\"IMG_5422\" srcset=\"https:\/\/kamenica-musica.de\/wp-content\/uploads\/2025\/01\/IMG_5422-scaled.jpg 2560w, https:\/\/kamenica-musica.de\/wp-content\/uploads\/2025\/01\/IMG_5422-300x200.jpg 300w, https:\/\/kamenica-musica.de\/wp-content\/uploads\/2025\/01\/IMG_5422-1024x682.jpg 1024w, https:\/\/kamenica-musica.de\/wp-content\/uploads\/2025\/01\/IMG_5422-768x511.jpg 768w, https:\/\/kamenica-musica.de\/wp-content\/uploads\/2025\/01\/IMG_5422-1536x1023.jpg 1536w, https:\/\/kamenica-musica.de\/wp-content\/uploads\/2025\/01\/IMG_5422-2048x1364.jpg 2048w\" sizes=\"auto, (max-width: 2560px) 100vw, 2560px\" \/><\/li>\n                <li style=\"display: none; width: 100%;\" class=\"slide-526 ms-image \" aria-roledescription=\"slide\" aria-label=\"slide-526\" data-date=\"2025-01-18 02:36:17\"><img loading=\"lazy\" decoding=\"async\" width=\"2560\" height=\"1920\" src=\"https:\/\/kamenica-musica.de\/wp-content\/uploads\/2025\/01\/93a_20240404_075200979_HDR-scaled.jpg\" class=\"slider-516 slide-526\" alt=\"\" rel=\"\" title=\"93a_20240404_075200979_HDR\" srcset=\"https:\/\/kamenica-musica.de\/wp-content\/uploads\/2025\/01\/93a_20240404_075200979_HDR-scaled.jpg 2560w, https:\/\/kamenica-musica.de\/wp-content\/uploads\/2025\/01\/93a_20240404_075200979_HDR-300x225.jpg 300w, https:\/\/kamenica-musica.de\/wp-content\/uploads\/2025\/01\/93a_20240404_075200979_HDR-1024x768.jpg 1024w, https:\/\/kamenica-musica.de\/wp-content\/uploads\/2025\/01\/93a_20240404_075200979_HDR-768x576.jpg 768w, https:\/\/kamenica-musica.de\/wp-content\/uploads\/2025\/01\/93a_20240404_075200979_HDR-1536x1152.jpg 1536w, https:\/\/kamenica-musica.de\/wp-content\/uploads\/2025\/01\/93a_20240404_075200979_HDR-2048x1536.jpg 2048w\" sizes=\"auto, (max-width: 2560px) 100vw, 2560px\" \/><\/li>\n                <li style=\"display: none; width: 100%;\" class=\"slide-527 ms-image \" aria-roledescription=\"slide\" aria-label=\"slide-527\" data-date=\"2025-01-18 02:36:24\"><img loading=\"lazy\" decoding=\"async\" width=\"2560\" height=\"1920\" src=\"https:\/\/kamenica-musica.de\/wp-content\/uploads\/2025\/01\/89b_20231030_080404088-scaled.jpg\" class=\"slider-516 slide-527\" alt=\"\" rel=\"\" title=\"89b_20231030_080404088\" srcset=\"https:\/\/kamenica-musica.de\/wp-content\/uploads\/2025\/01\/89b_20231030_080404088-scaled.jpg 2560w, https:\/\/kamenica-musica.de\/wp-content\/uploads\/2025\/01\/89b_20231030_080404088-300x225.jpg 300w, https:\/\/kamenica-musica.de\/wp-content\/uploads\/2025\/01\/89b_20231030_080404088-1024x768.jpg 1024w, https:\/\/kamenica-musica.de\/wp-content\/uploads\/2025\/01\/89b_20231030_080404088-768x576.jpg 768w, https:\/\/kamenica-musica.de\/wp-content\/uploads\/2025\/01\/89b_20231030_080404088-1536x1152.jpg 1536w, https:\/\/kamenica-musica.de\/wp-content\/uploads\/2025\/01\/89b_20231030_080404088-2048x1536.jpg 2048w\" sizes=\"auto, (max-width: 2560px) 100vw, 2560px\" \/><\/li>\n                <li style=\"display: none; width: 100%;\" class=\"slide-528 ms-image \" aria-roledescription=\"slide\" aria-label=\"slide-528\" data-date=\"2025-01-18 02:36:30\"><img loading=\"lazy\" decoding=\"async\" width=\"2040\" height=\"1530\" src=\"https:\/\/kamenica-musica.de\/wp-content\/uploads\/2025\/01\/24-08-11-18-17-30-595b.jpg\" class=\"slider-516 slide-528\" alt=\"\" rel=\"\" title=\"24-08-11 18-17-30 595b\" srcset=\"https:\/\/kamenica-musica.de\/wp-content\/uploads\/2025\/01\/24-08-11-18-17-30-595b.jpg 2040w, https:\/\/kamenica-musica.de\/wp-content\/uploads\/2025\/01\/24-08-11-18-17-30-595b-300x225.jpg 300w, https:\/\/kamenica-musica.de\/wp-content\/uploads\/2025\/01\/24-08-11-18-17-30-595b-1024x768.jpg 1024w, https:\/\/kamenica-musica.de\/wp-content\/uploads\/2025\/01\/24-08-11-18-17-30-595b-768x576.jpg 768w, https:\/\/kamenica-musica.de\/wp-content\/uploads\/2025\/01\/24-08-11-18-17-30-595b-1536x1152.jpg 1536w\" sizes=\"auto, (max-width: 2040px) 100vw, 2040px\" \/><\/li>\n            <\/ul>\n        <\/div>\n        \n    <\/div>\n<\/div>\n\n\n\n<p>Poznanie lokalnej historii muzyki podczas spaceru wzd\u0142u\u017c rzeki Chemnitz &#8211; niemo\u017cliwe? Jeszcze nie! Taki jest w\u0142a\u015bnie cel projektu Kamenica Musica. We wsp\u00f3\u0142pracy z muzykami z Chemnitz i miastami partnerskimi w Europie, w przestrzeni publicznej maj\u0105 powsta\u0107 stacje, kt\u00f3re sprawi\u0105, \u017ce muzyka b\u0119dzie s\u0142yszalna i namacalna oraz zrozumia\u0142a dla ka\u017cdego.<\/p>\n\n\n\n<p><em>Pow\u00f3d:<\/em> muzyka rzadko da si\u0119 us\u0142ysze\u0107 publicznie &#8211; a przecie\u017c jest wszechobecna w przestrzeni miejskiej. Jednak wiele z tego, co grupy muzyczne lub osoby prywatne tworz\u0105 w swoich \u015brodowiskach, odbywa si\u0119 za zamkni\u0119tymi drzwiami lub za op\u0142at\u0105 i jest niedost\u0119pne dla os\u00f3b z zewn\u0105trz. Projekt \u201eKamenica Musica\u201c ma na celu ukazanie tych muzyk\u00f3w i ich dzie\u0142 &#8211; zgodnie z mottem Stolicy Kultury Chemnitz &#8222;C the unseen&#8220;. Poniewa\u017c: muzyka gra nie tylko na Broadwayu i w Elbphilharmonie, ale w\u0142a\u015bnie i tutaj!<\/p>\n\n\n\n<p><em>Pomys\u0142:<\/em> stworzenie tablic informacyjnych, poprzez kt\u00f3re przechodnie mog\u0105 pozna\u0107 r\u00f3\u017cne aspekty muzycznej historii Chemnitz. Zaprezentowana zostanie szeroka gama wykonawc\u00f3w, styl\u00f3w i form muzycznych: ch\u00f3ry kameralne, kompozytorzy klasyczni, muzyka m\u0142odzie\u017cowa &#8211; ka\u017cda historia znajdzie swoje miejsce w tych ramach. To b\u0119dzie jednocze\u015bnie: historia do przeczytania i muzyka do wys\u0142uchania! Dlatego ka\u017cda stacja zostanie wyposa\u017cona w g\u0142o\u015bniki lub kody QR, kt\u00f3re mo\u017cna wykorzysta\u0107 do ods\u0142uchania wybranych utwor\u00f3w &#8211; dost\u0119pna dla ka\u017cdego, w \u015brodku miasta i natury.<\/p>\n\n\n\n<p><em>Clou:<\/em> wszystkie odtwarzane utwory zostan\u0105 nagrane w ramach projektu, we wsp\u00f3\u0142pracy z lokalnymi inicjatywami z Chemnitz i grupami muzycznymi z miast partnerskich w Czechach i w Polsce. Carl Maria von Weber powiedzia\u0142: &#8222;Muzyka jest j\u0119zykiem, kt\u00f3ry wszyscy rozumiej\u0105&#8220; &#8211; dlatego w\u0142a\u015bnie uwa\u017camy, \u017ce jest to doskona\u0142y spos\u00f3b na nawi\u0105zanie lub wzmocnienie mi\u0119dzynarodowych kontakt\u00f3w z naszymi europejskimi partnerami. Jednocze\u015bnie muzycy dostaj\u0105 szans\u0119 zaprezentowania si\u0119 publiczno\u015bci jako cz\u0119\u015b\u0107 muzycznej uk\u0142adanki Chemnitz.<\/p>\n\n\n\n<p><em>Lokalizacja:<\/em> Muzyczny spacer rozpocznie si\u0119 u zbiegu rzek W\u00fcrschnitz i Zw\u00f6nitz, czyli tam, gdzie zaczyna si\u0119 Chemnitz. Nast\u0119pnie trasa prowadzi wzd\u0142u\u017c jej biegu do centrum miasta: przez \u015brodek natury, obok obszaru interwencyjnego &#8222;Flussbad Altchemnitz&#8220; i Europarku (z przysz\u0142ym mi\u0119dzynarodowym centrum ta\u0144ca), przez park miejski do Weltecho i Falkeplatz.<\/p>\n\n\n\n<p><em>Realizacja:<\/em> Kamenica Musica jest wspierana przez ma\u0142y zesp\u00f3\u0142 oddanych ludzi, kt\u00f3rzy chc\u0105 si\u0119 rozwija\u0107. Je\u015bli jeste\u015b zainteresowany i chcia\u0142by\u015b wnie\u015b\u0107 sw\u00f3j wk\u0142ad w projekt, zaanga\u017cowa\u0107 si\u0119 i wzi\u0105\u0107 udzia\u0142, skontaktuj si\u0119 z nami pod adresem <a href=\"mailto:info@kamenica-musica.de\">info@kamenica-musica.de<\/a> lub <a href=\"tel:+4915566043541\">+49 155 66043541<\/a> lub za po\u015brednictwem naszego konta na Instagramie <a href=\"https:\/\/www.instagram.com\/kamenica_musica\/\">@kamenica_musica<\/a>. Ch\u0119tnie przyjmiemy ka\u017cd\u0105 pomoc, wcze\u015bniejsze do\u015bwiadczenie w takich obszarach jak: planowanie projekt\u00f3w, muzyka lub kultura nie jest konieczne &#8211; ka\u017cda z Twoich indywidualnych umiej\u0119tno\u015bci mo\u017ce by\u0107 przydatna.<\/p>\n","protected":false},"excerpt":{"rendered":"<p>Poznanie lokalnej historii muzyki podczas spaceru wzd\u0142u\u017c rzeki Chemnitz &#8211; niemo\u017cliwe? Jeszcze nie! Taki jest w\u0142a\u015bnie cel projektu Kamenica Musica. We wsp\u00f3\u0142pracy z muzykami z Chemnitz i miastami partnerskimi w [&#8230;] <\/p>\n<p class=\"more-link-container\"><a href=\"https:\/\/kamenica-musica.de\/index.php\/pl\/projektidee-polski\/\" class=\"more-link\">Read More<span class=\"screen-reader-text\"> &#8222;Opis Projektu&#8220;<\/span><\/a><\/p>\n","protected":false},"author":8,"featured_media":0,"parent":0,"menu_order":0,"comment_status":"closed","ping_status":"closed","template":"","meta":{"_price":"","_stock":"","_tribe_ticket_header":"","_tribe_default_ticket_provider":"","_tribe_ticket_capacity":"0","_ticket_start_date":"","_ticket_end_date":"","_tribe_ticket_show_description":"","_tribe_ticket_show_not_going":false,"_tribe_ticket_use_global_stock":"","_tribe_ticket_global_stock_level":"","_global_stock_mode":"","_global_stock_cap":"","_tribe_rsvp_for_event":"","_tribe_ticket_going_count":"","_tribe_ticket_not_going_count":"","_tribe_tickets_list":"[]","_tribe_ticket_has_attendee_info_fields":false,"footnotes":"","_tec_slr_enabled":"","_tec_slr_layout":""},"class_list":["post-419","page","type-page","status-publish","hentry"],"ticketed":false,"_links":{"self":[{"href":"https:\/\/kamenica-musica.de\/index.php\/wp-json\/wp\/v2\/pages\/419","targetHints":{"allow":["GET"]}}],"collection":[{"href":"https:\/\/kamenica-musica.de\/index.php\/wp-json\/wp\/v2\/pages"}],"about":[{"href":"https:\/\/kamenica-musica.de\/index.php\/wp-json\/wp\/v2\/types\/page"}],"author":[{"embeddable":true,"href":"https:\/\/kamenica-musica.de\/index.php\/wp-json\/wp\/v2\/users\/8"}],"replies":[{"embeddable":true,"href":"https:\/\/kamenica-musica.de\/index.php\/wp-json\/wp\/v2\/comments?post=419"}],"version-history":[{"count":2,"href":"https:\/\/kamenica-musica.de\/index.php\/wp-json\/wp\/v2\/pages\/419\/revisions"}],"predecessor-version":[{"id":535,"href":"https:\/\/kamenica-musica.de\/index.php\/wp-json\/wp\/v2\/pages\/419\/revisions\/535"}],"wp:attachment":[{"href":"https:\/\/kamenica-musica.de\/index.php\/wp-json\/wp\/v2\/media?parent=419"}],"curies":[{"name":"wp","href":"https:\/\/api.w.org\/{rel}","templated":true}]}}