{"id":49,"date":"2024-01-17T16:40:36","date_gmt":"2024-01-17T15:40:36","guid":{"rendered":"https:\/\/kamenica-musica.de\/?page_id=49"},"modified":"2025-04-09T20:42:44","modified_gmt":"2025-04-09T18:42:44","slug":"mitmachen","status":"publish","type":"page","link":"https:\/\/kamenica-musica.de\/index.php\/mitmachen\/","title":{"rendered":"Mitmachen!"},"content":{"rendered":"\n<p>F\u00fcr unser Projekt ben\u00f6tigen wir viele helfende H\u00e4nde. Manchmal kann man sich die Aufgaben, welche wir aufgelistet haben, nicht in dem Ausma\u00df vorstellen ist allgemein unsicher, wie man in ein Projekt passen k\u00f6nnte. Wir freuen uns also auch, wenn du Teil unseres Projektes sein m\u00f6chtest ohne eine genaue Idee, welche Aufgabe f\u00fcr dich passend sein k\u00f6nnte. Melde dich einfach bei uns und wir finden bestimmt einen Weg dich zu involvieren.<\/p>\n\n\n\n<p>Dein <em>Kamenica Musica<\/em> Team <\/p>\n\n\n\n<details class=\"wp-block-details is-layout-flow wp-block-details-is-layout-flow\"><summary><em>Stationsverantwortliche\/r:<\/em><\/summary>\n<p>Du bist interessiert an Geschichte und Musik? Du liebst es, etwas \u00fcber deine Stadt herauszufinden und anderen zu erkl\u00e4ren? Oder du wei\u00dft jetzt schon viel und hast Ideen, wo unser musikalischer Fluss Stationen haben k\u00f6nnte? Dann k\u00f6nnte die Arbeit als Stationsverantwortliche\/r perfekt f\u00fcr dich sein! Deine Aufgabe w\u00e4re es, Ideen und Informationen zu Stationen zu sammeln. Geschichte, Tanz und Musik sollte dabei der Fokus sein. Diese Infos m\u00fcssen dann sch\u00f6n in einem Text verpackt, kurz f\u00fcr die Informationstafel und lang f\u00fcr die Website, verpackt werden. Auch in der Planung der Strecke wirst du mit einbezogen. Hast du also noch mehr Ideen, die wir noch gar nicht bedacht haben, dann nur her damit!<\/p>\n<\/details>\n\n\n\n<details class=\"wp-block-details is-layout-flow wp-block-details-is-layout-flow\"><summary><em>Organisator\/in:<\/em><\/summary>\n<p>Wenn du dich mit Antr\u00e4gen, Fundraising, Sponsoring und F\u00f6rdergeldern auskennst, oder bereit bist dich damit zu besch\u00e4ftigen, dann ist das der Aufgabenbereich f\u00fcr dich! Dadurch k\u00f6nnen Tafeln, Website, Design, Reisen, Networking, Musik und Pflege finanziert werden. Du bist also mitten im Geschehen und nimmst, als Organisator\/in, sicherlich auch an der ein oder anderen Fahrt teil.<\/p>\n<\/details>\n\n\n\n<details class=\"wp-block-details is-layout-flow wp-block-details-is-layout-flow\"><summary><em>Kontaktpfleger\/in:<\/em><\/summary>\n<p>In einem solchen Projekt ist die Zusammenarbeit und Kommunikation mit Menschen absolut wichtig. Wenn du dir vorstellen kannst die Kontaktperson zwischen K\u00fcnstler:innen, Ehrenamtlichen, Vereinen und Kerngruppe (Projektleitung? Klinkt so autorit\u00e4r&#8230;) zu sein, sind gute Organisation und motivierte Zusammenarbeit mit Menschen also besonders wichtig. Egal ob Probleme mit Ehrenamtlichen oder Kooperation mit Partnerl\u00e4ndern\/ -st\u00e4dten, ein offenes Ohr, welches an der L\u00f6sung des Problems orientiert ist, wird immer gebraucht. Bist du also offen und kannst gut vermitteln, dann ist das der Job f\u00fcr dich!<\/p>\n<\/details>\n\n\n\n<details class=\"wp-block-details is-layout-flow wp-block-details-is-layout-flow\"><summary><em>Website und Social Media (Content Creator):<\/em><\/summary>\n<p>Das Projekt <em>Kamenica Musica<\/em> muss nat\u00fcrlich auch beworben werden. Wer an Medien interessiert ist, Texte schreiben kann, und\/oder sehr gut im Designen von Posts ist, findet also auch eine wichtigen Platz in unserem Team! Als Content Creator erstellst du kurze informative Bilder und Filme (mit Text), welche das Projekt beschreiben und ansprechend aussehen. Dabei kannst du am besten zwischen Website und Social Media content unterscheiden und wei\u00dft, wie man auf unterschiedlichen Platformen Inhalte erstellt. Schlie\u00dflich wird unser Projekt der Welt so pr\u00e4sentiert.<\/p>\n<\/details>\n\n\n\n<details class=\"wp-block-details is-layout-flow wp-block-details-is-layout-flow\"><summary><em>Website und Social Media (Pflege):<\/em><\/summary>\n<p>Nicht nur auf den Inhalt kommt es an, wenn man ein Projekt online bewirbt. Der schon erstellte Content muss auch gepflegt werden. Struktur und Layout m\u00fcssen schlie\u00dflich einheitlich und lesbar sein. Auch in verschiedenen Formaten (mobil oder gro\u00dfe Schrift f\u00fcr Menschen mit Sehbehinderung) muss der Inhalt einsehbar sein. Veraltete Veranstaltungen m\u00fcssen mit aktuellen Informationen ersetzt werden und verschiedenste Generationen und Personengruppen sollen verstehen, wo man welche Inhalte auf unserer Website findet. Bist du also gut darin Websites zug\u00e4nglich zu gestalten und h\u00e4ltst sie auf dem neuesten Stand, dann ist die Pflege von Social Media und Website vielleicht die Aufgabe f\u00fcr dich!<\/p>\n<\/details>\n\n\n\n<details class=\"wp-block-details is-layout-flow wp-block-details-is-layout-flow\"><summary><em>Weiteres:<\/em><\/summary>\n<p>\u00dcbersetzer von Texten in einfache Sprache, Englisch, Tschechisch, Polnisch (und weitere, zum Beispiel Arabisch und Ukrainisch)<\/p>\n\n\n\n<p>Vorleser von Texten (um unser Projekt noch zug\u00e4nglicher zu gestalten)<\/p>\n\n\n\n<p>Und vieles mehr:<\/p>\n<\/details>\n\n\n\n<p>Hast du in dieser Liste nicht DIE Aufgabe f\u00fcr sich gefunden, k\u00f6nnen wir dich bestimmt auch anders einbinden. Melde dich einfach bei uns, wir freuen uns auf dich!<\/p>\n\n\n\n<p>Schreib uns einfach \u00fcber <a href=\"mailto:info@kamnica-musica.de\">info[at]kamnica-musica.de<\/a> oder <a href=\"tel:+4915566043541\">+49 155 66043541<\/a> oder<br>an unseren Instagram-Account <a href=\"https:\/\/www.instagram.com\/kamenica_musica\/\" target=\"_blank\" rel=\"noreferrer noopener\">@kamenica_musica<\/a>.<\/p>\n\n\n\n<p>M\u00f6chtest du uns finanziell unterst\u00fctzen? Hier findest du unser Spendenkonto:<\/p>\n\n\n\n<p><em>Kamenica Musica e.V.<br>IBAN: DE51870962140321005365<br>BIC: GENODEF1CH1<br>Volksbank Chemnitz<\/em><\/p>\n\n\n\n<p><\/p>\n","protected":false},"excerpt":{"rendered":"<p>F\u00fcr unser Projekt ben\u00f6tigen wir viele helfende H\u00e4nde. Manchmal kann man sich die Aufgaben, welche wir aufgelistet haben, nicht in dem Ausma\u00df vorstellen ist allgemein unsicher, wie man in ein [&#8230;] <\/p>\n<p class=\"more-link-container\"><a href=\"https:\/\/kamenica-musica.de\/index.php\/mitmachen\/\" class=\"more-link\">Read More<span class=\"screen-reader-text\"> &#8222;Mitmachen!&#8220;<\/span><\/a><\/p>\n","protected":false},"author":2,"featured_media":0,"parent":0,"menu_order":0,"comment_status":"closed","ping_status":"closed","template":"","meta":{"_price":"","_stock":"","_tribe_ticket_header":"","_tribe_default_ticket_provider":"","_tribe_ticket_capacity":"0","_ticket_start_date":"","_ticket_end_date":"","_tribe_ticket_show_description":"","_tribe_ticket_show_not_going":false,"_tribe_ticket_use_global_stock":"","_tribe_ticket_global_stock_level":"","_global_stock_mode":"","_global_stock_cap":"","_tribe_rsvp_for_event":"","_tribe_ticket_going_count":"","_tribe_ticket_not_going_count":"","_tribe_tickets_list":"[]","_tribe_ticket_has_attendee_info_fields":false,"footnotes":"","_tec_slr_enabled":"","_tec_slr_layout":""},"class_list":["post-49","page","type-page","status-publish","hentry"],"ticketed":false,"_links":{"self":[{"href":"https:\/\/kamenica-musica.de\/index.php\/wp-json\/wp\/v2\/pages\/49","targetHints":{"allow":["GET"]}}],"collection":[{"href":"https:\/\/kamenica-musica.de\/index.php\/wp-json\/wp\/v2\/pages"}],"about":[{"href":"https:\/\/kamenica-musica.de\/index.php\/wp-json\/wp\/v2\/types\/page"}],"author":[{"embeddable":true,"href":"https:\/\/kamenica-musica.de\/index.php\/wp-json\/wp\/v2\/users\/2"}],"replies":[{"embeddable":true,"href":"https:\/\/kamenica-musica.de\/index.php\/wp-json\/wp\/v2\/comments?post=49"}],"version-history":[{"count":17,"href":"https:\/\/kamenica-musica.de\/index.php\/wp-json\/wp\/v2\/pages\/49\/revisions"}],"predecessor-version":[{"id":571,"href":"https:\/\/kamenica-musica.de\/index.php\/wp-json\/wp\/v2\/pages\/49\/revisions\/571"}],"wp:attachment":[{"href":"https:\/\/kamenica-musica.de\/index.php\/wp-json\/wp\/v2\/media?parent=49"}],"curies":[{"name":"wp","href":"https:\/\/api.w.org\/{rel}","templated":true}]}}